{"id":47,"date":"2023-08-26T12:55:05","date_gmt":"2023-08-26T10:55:05","guid":{"rendered":"http:\/\/ugltgaz.cluster021.hosting.ovh.net\/?page_id=47"},"modified":"2024-02-04T18:17:54","modified_gmt":"2024-02-04T17:17:54","slug":"contact","status":"publish","type":"page","link":"https:\/\/stylword.com\/index.php\/fr\/contact\/","title":{"rendered":"Stylword : Contact | Devis gratuit"},"content":{"rendered":"\n<div class=\"wp-block-cover alignfull has-large-font-size wp-duotone-duotone-3\" style=\"margin-top:0;padding-top:48px;padding-right:16px;padding-bottom:48px;padding-left:16px;min-height:40vh;aspect-ratio:unset;\"><span aria-hidden=\"true\" class=\"wp-block-cover__background has-background-dim-30 has-background-dim\"><\/span><img loading=\"lazy\" decoding=\"async\" width=\"2400\" height=\"1701\" class=\"wp-block-cover__image-background wp-image-263\" alt=\"\" src=\"https:\/\/stylword.com\/wp-content\/uploads\/2024\/02\/annie-spratt-goholCAVTRs-unsplash111.jpg\" style=\"object-position:49% 83%\" data-object-fit=\"cover\" data-object-position=\"49% 83%\" srcset=\"https:\/\/stylword.com\/wp-content\/uploads\/2024\/02\/annie-spratt-goholCAVTRs-unsplash111.jpg 2400w, https:\/\/stylword.com\/wp-content\/uploads\/2024\/02\/annie-spratt-goholCAVTRs-unsplash111-300x213.jpg 300w, https:\/\/stylword.com\/wp-content\/uploads\/2024\/02\/annie-spratt-goholCAVTRs-unsplash111-1024x726.jpg 1024w, https:\/\/stylword.com\/wp-content\/uploads\/2024\/02\/annie-spratt-goholCAVTRs-unsplash111-768x544.jpg 768w, https:\/\/stylword.com\/wp-content\/uploads\/2024\/02\/annie-spratt-goholCAVTRs-unsplash111-1536x1089.jpg 1536w, https:\/\/stylword.com\/wp-content\/uploads\/2024\/02\/annie-spratt-goholCAVTRs-unsplash111-2048x1452.jpg 2048w\" sizes=\"auto, (max-width: 2400px) 100vw, 2400px\" \/><div class=\"wp-block-cover__inner-container is-layout-flow wp-block-cover-is-layout-flow\">\n<div class=\"wp-block-group has-global-padding is-content-justification-center is-layout-constrained wp-container-core-group-is-layout-b3bc50f0 wp-block-group-is-layout-constrained\">\n<h2 class=\"wp-block-heading has-text-align-center has-white-color has-text-color\" style=\"font-size:clamp(32.969px, 2.061rem + ((1vw - 3.2px) * 2.712), 59px);font-style:normal;font-weight:700;letter-spacing:0px;line-height:1;text-transform:uppercase\"><strong>Contactez Stylword : <\/strong><br><strong>Devis gratuit et r\u00e9ponse rapide<\/strong><\/h2>\n<\/div>\n<\/div><\/div>\n\n\n\n<div style=\"height:48px\" aria-hidden=\"true\" class=\"wp-block-spacer\"><\/div>\n\n\n\n<h3 class=\"wp-block-heading\">N&rsquo;h\u00e9sitez pas \u00e0 contacter StylWord pour obtenir davantage d&rsquo;informations ou un devis gratuit.<\/h3>\n\n\n\n<p>Vous pouvez \u00e9galement faire une demande de devis en ligne en entrant les informations n\u00e9cessaires dans le formulaire ci-joint. Vous aurez une r\u00e9ponse ou tr\u00e8s rapidement.<\/p>\n\n\n\n<p>Sylvie Land\u00e8s<br>06 60 40 64 30<br>01 43 48 44 74<br>slandes@stylword.fr<br>Adresse postale : Stylword &#8211; 5, rue Carri\u00e8re Mainguet &#8211; 75011 PARIS<\/p>\n\n\n<style id=\"wpforms-css-vars-root\">\n\t\t\t\t:root {\n\t\t\t\t\t--wpforms-field-border-radius: 3px;\n--wpforms-field-background-color: #ffffff;\n--wpforms-field-border-color: rgba( 0, 0, 0, 0.25 );\n--wpforms-field-text-color: rgba( 0, 0, 0, 0.7 );\n--wpforms-label-color: rgba( 0, 0, 0, 0.85 );\n--wpforms-label-sublabel-color: rgba( 0, 0, 0, 0.55 );\n--wpforms-label-error-color: #d63637;\n--wpforms-button-border-radius: 3px;\n--wpforms-button-background-color: #066aab;\n--wpforms-button-text-color: #ffffff;\n--wpforms-field-size-input-height: 43px;\n--wpforms-field-size-input-spacing: 15px;\n--wpforms-field-size-font-size: 16px;\n--wpforms-field-size-line-height: 19px;\n--wpforms-field-size-padding-h: 14px;\n--wpforms-field-size-checkbox-size: 16px;\n--wpforms-field-size-sublabel-spacing: 5px;\n--wpforms-field-size-icon-size: 1;\n--wpforms-label-size-font-size: 16px;\n--wpforms-label-size-line-height: 19px;\n--wpforms-label-size-sublabel-font-size: 14px;\n--wpforms-label-size-sublabel-line-height: 17px;\n--wpforms-button-size-font-size: 17px;\n--wpforms-button-size-height: 41px;\n--wpforms-button-size-padding-h: 15px;\n--wpforms-button-size-margin-top: 10px;\n\n\t\t\t\t}\n\t\t\t<\/style><div class=\"wpforms-container wpforms-container-full wpforms-block wpforms-block-212e6e1d-236c-42c5-8f17-45e110b55cdc wpforms-render-modern\" id=\"wpforms-44\"><form id=\"wpforms-form-44\" class=\"wpforms-validate wpforms-form wpforms-ajax-form\" data-formid=\"44\" method=\"post\" enctype=\"multipart\/form-data\" action=\"\/index.php\/wp-json\/wp\/v2\/pages\/47\" data-token=\"0291a62e6ebd7b0c2b5a66d5a76f9e7a\"><noscript class=\"wpforms-error-noscript\">Veuillez activer JavaScript dans votre navigateur pour remplir ce formulaire.<\/noscript><div class=\"wpforms-hidden\" id=\"wpforms-error-noscript\">Veuillez activer JavaScript dans votre navigateur pour remplir ce formulaire.<\/div><div class=\"wpforms-field-container\"><div id=\"wpforms-44-field_3-container\" class=\"wpforms-field wpforms-field-name\" data-field-id=\"3\"><label class=\"wpforms-field-label\" for=\"wpforms-44-field_3\">Soci\u00e9t\u00e9 <span class=\"wpforms-required-label\" aria-hidden=\"true\">*<\/span><\/label><input type=\"text\" id=\"wpforms-44-field_3\" class=\"wpforms-field-medium wpforms-field-required\" name=\"wpforms[fields][3]\" aria-errormessage=\"wpforms-44-field_3-error\" required><\/div><div id=\"wpforms-44-field_0-container\" class=\"wpforms-field wpforms-field-name\" data-field-id=\"0\"><label class=\"wpforms-field-label\" for=\"wpforms-44-field_0\">Pr\u00e9nom <span class=\"wpforms-required-label\" aria-hidden=\"true\">*<\/span><\/label><input type=\"text\" id=\"wpforms-44-field_0\" class=\"wpforms-field-medium wpforms-field-required\" name=\"wpforms[fields][0]\" aria-errormessage=\"wpforms-44-field_0-error\" required><\/div><div id=\"wpforms-44-field_4-container\" class=\"wpforms-field wpforms-field-name\" data-field-id=\"4\"><label class=\"wpforms-field-label\" for=\"wpforms-44-field_4\">Nom <span class=\"wpforms-required-label\" aria-hidden=\"true\">*<\/span><\/label><input type=\"text\" id=\"wpforms-44-field_4\" class=\"wpforms-field-medium wpforms-field-required\" name=\"wpforms[fields][4]\" aria-errormessage=\"wpforms-44-field_4-error\" required><\/div><div id=\"wpforms-44-field_1-container\" class=\"wpforms-field wpforms-field-email\" data-field-id=\"1\"><label class=\"wpforms-field-label\" for=\"wpforms-44-field_1\">E-mail <span class=\"wpforms-required-label\" aria-hidden=\"true\">*<\/span><\/label><input type=\"email\" id=\"wpforms-44-field_1\" class=\"wpforms-field-medium wpforms-field-required\" name=\"wpforms[fields][1]\" spellcheck=\"false\" aria-errormessage=\"wpforms-44-field_1-error\" required><\/div><div id=\"wpforms-44-field_5-container\" class=\"wpforms-field wpforms-field-text\" data-field-id=\"5\"><label class=\"wpforms-field-label\" for=\"wpforms-44-field_5\">T\u00e9l\u00e9phone<\/label><input type=\"text\" id=\"wpforms-44-field_5\" class=\"wpforms-field-medium\" name=\"wpforms[fields][5]\" aria-errormessage=\"wpforms-44-field_5-error\" ><\/div><div id=\"wpforms-44-field_6-container\" class=\"wpforms-field wpforms-field-textarea\" data-field-id=\"6\"><label class=\"wpforms-field-label\" for=\"wpforms-44-field_6\">Message, demande de devis<\/label><textarea id=\"wpforms-44-field_6\" class=\"wpforms-field-medium\" name=\"wpforms[fields][6]\" aria-errormessage=\"wpforms-44-field_6-error\" ><\/textarea><\/div><\/div><!-- .wpforms-field-container --><div class=\"wpforms-submit-container\" ><input type=\"hidden\" name=\"wpforms[id]\" value=\"44\"><input type=\"hidden\" name=\"wpforms[author]\" value=\"1\"><button type=\"submit\" name=\"wpforms[submit]\" id=\"wpforms-submit-44\" class=\"wpforms-submit\" data-alt-text=\"Envoi...\" data-submit-text=\"Envoyer\" aria-live=\"assertive\" value=\"wpforms-submit\">Envoyer<\/button><img loading=\"lazy\" decoding=\"async\" src=\"https:\/\/stylword.com\/wp-content\/plugins\/wpforms-lite\/assets\/images\/submit-spin.svg\" class=\"wpforms-submit-spinner\" style=\"display: none;\" width=\"26\" height=\"26\" alt=\"Chargement en cours\"><\/div><\/form><\/div>  <!-- .wpforms-container -->\n\n\n<div style=\"height:48px\" aria-hidden=\"true\" class=\"wp-block-spacer\"><\/div>\n","protected":false},"excerpt":{"rendered":"<p>N&rsquo;h\u00e9sitez pas \u00e0 contacter StylWord pour obtenir davantage d&rsquo;informations ou un devis gratuit. Vous pouvez \u00e9galement faire une demande de devis en ligne en entrant les informations n\u00e9cessaires dans le formulaire ci-joint. Vous aurez une r\u00e9ponse ou tr\u00e8s rapidement. Sylvie Land\u00e8s06 60 40 64 3001 43 48 44 74slandes@stylword.frAdresse postale : Stylword &#8211; 5, rue [&hellip;]<\/p>\n","protected":false},"author":1,"featured_media":0,"parent":0,"menu_order":0,"comment_status":"closed","ping_status":"closed","template":"","meta":{"footnotes":""},"class_list":["post-47","page","type-page","status-publish","hentry"],"yoast_head":"<!-- This site is optimized with the Yoast SEO plugin v21.9.1 - https:\/\/yoast.com\/wordpress\/plugins\/seo\/ -->\n<title>Stylword : Contact | Devis gratuit -<\/title>\n<meta name=\"description\" content=\"Contactez Stylword pour obtenir un devis gratuit et sans engagement. R\u00e9ponse rapide et personnalis\u00e9e.\" \/>\n<meta name=\"robots\" content=\"index, follow, max-snippet:-1, max-image-preview:large, max-video-preview:-1\" \/>\n<link rel=\"canonical\" href=\"https:\/\/stylword.com\/index.php\/fr\/contact\/\" \/>\n<meta property=\"og:locale\" content=\"fr_FR\" \/>\n<meta property=\"og:type\" content=\"article\" \/>\n<meta property=\"og:title\" content=\"Stylword : Contact | Devis gratuit -\" \/>\n<meta property=\"og:description\" content=\"Contactez Stylword pour obtenir un devis gratuit et sans engagement. R\u00e9ponse rapide et personnalis\u00e9e.\" \/>\n<meta property=\"og:url\" content=\"https:\/\/stylword.com\/index.php\/fr\/contact\/\" \/>\n<meta property=\"article:modified_time\" content=\"2024-02-04T17:17:54+00:00\" \/>\n<meta property=\"og:image\" content=\"https:\/\/stylword.com\/wp-content\/uploads\/2024\/02\/annie-spratt-goholCAVTRs-unsplash111.jpg\" \/>\n<meta name=\"twitter:card\" content=\"summary_large_image\" \/>\n<meta name=\"twitter:label1\" content=\"Dur\u00e9e de lecture estim\u00e9e\" \/>\n\t<meta name=\"twitter:data1\" content=\"1 minute\" \/>\n<script type=\"application\/ld+json\" class=\"yoast-schema-graph\">{\"@context\":\"https:\/\/schema.org\",\"@graph\":[{\"@type\":\"WebPage\",\"@id\":\"https:\/\/stylword.com\/index.php\/fr\/contact\/\",\"url\":\"https:\/\/stylword.com\/index.php\/fr\/contact\/\",\"name\":\"Stylword : Contact | Devis gratuit -\",\"isPartOf\":{\"@id\":\"https:\/\/stylword.com\/#website\"},\"datePublished\":\"2023-08-26T10:55:05+00:00\",\"dateModified\":\"2024-02-04T17:17:54+00:00\",\"description\":\"Contactez Stylword pour obtenir un devis gratuit et sans engagement. R\u00e9ponse rapide et personnalis\u00e9e.\",\"breadcrumb\":{\"@id\":\"https:\/\/stylword.com\/index.php\/fr\/contact\/#breadcrumb\"},\"inLanguage\":\"fr-FR\",\"potentialAction\":[{\"@type\":\"ReadAction\",\"target\":[\"https:\/\/stylword.com\/index.php\/fr\/contact\/\"]}]},{\"@type\":\"BreadcrumbList\",\"@id\":\"https:\/\/stylword.com\/index.php\/fr\/contact\/#breadcrumb\",\"itemListElement\":[{\"@type\":\"ListItem\",\"position\":1,\"name\":\"Accueil\",\"item\":\"https:\/\/stylword.com\/index.php\/fr\/accueil\/\"},{\"@type\":\"ListItem\",\"position\":2,\"name\":\"Stylword : Contact | Devis gratuit\"}]},{\"@type\":\"WebSite\",\"@id\":\"https:\/\/stylword.com\/#website\",\"url\":\"https:\/\/stylword.com\/\",\"name\":\"Traduction professionnelle Anglais-Fran\u00e7ais\",\"description\":\"Traduction\",\"publisher\":{\"@id\":\"https:\/\/stylword.com\/#organization\"},\"potentialAction\":[{\"@type\":\"SearchAction\",\"target\":{\"@type\":\"EntryPoint\",\"urlTemplate\":\"https:\/\/stylword.com\/?s={search_term_string}\"},\"query-input\":\"required name=search_term_string\"}],\"inLanguage\":\"fr-FR\"},{\"@type\":\"Organization\",\"@id\":\"https:\/\/stylword.com\/#organization\",\"name\":\"StylWord\",\"url\":\"https:\/\/stylword.com\/\",\"logo\":{\"@type\":\"ImageObject\",\"inLanguage\":\"fr-FR\",\"@id\":\"https:\/\/stylword.com\/#\/schema\/logo\/image\/\",\"url\":\"https:\/\/stylword.com\/wp-content\/uploads\/2023\/08\/logo3.png\",\"contentUrl\":\"https:\/\/stylword.com\/wp-content\/uploads\/2023\/08\/logo3.png\",\"width\":332,\"height\":127,\"caption\":\"StylWord\"},\"image\":{\"@id\":\"https:\/\/stylword.com\/#\/schema\/logo\/image\/\"}}]}<\/script>\n<!-- \/ Yoast SEO plugin. -->","yoast_head_json":{"title":"Stylword : Contact | Devis gratuit -","description":"Contactez Stylword pour obtenir un devis gratuit et sans engagement. R\u00e9ponse rapide et personnalis\u00e9e.","robots":{"index":"index","follow":"follow","max-snippet":"max-snippet:-1","max-image-preview":"max-image-preview:large","max-video-preview":"max-video-preview:-1"},"canonical":"https:\/\/stylword.com\/index.php\/fr\/contact\/","og_locale":"fr_FR","og_type":"article","og_title":"Stylword : Contact | Devis gratuit -","og_description":"Contactez Stylword pour obtenir un devis gratuit et sans engagement. R\u00e9ponse rapide et personnalis\u00e9e.","og_url":"https:\/\/stylword.com\/index.php\/fr\/contact\/","article_modified_time":"2024-02-04T17:17:54+00:00","og_image":[{"url":"https:\/\/stylword.com\/wp-content\/uploads\/2024\/02\/annie-spratt-goholCAVTRs-unsplash111.jpg"}],"twitter_card":"summary_large_image","twitter_misc":{"Dur\u00e9e de lecture estim\u00e9e":"1 minute"},"schema":{"@context":"https:\/\/schema.org","@graph":[{"@type":"WebPage","@id":"https:\/\/stylword.com\/index.php\/fr\/contact\/","url":"https:\/\/stylword.com\/index.php\/fr\/contact\/","name":"Stylword : Contact | Devis gratuit -","isPartOf":{"@id":"https:\/\/stylword.com\/#website"},"datePublished":"2023-08-26T10:55:05+00:00","dateModified":"2024-02-04T17:17:54+00:00","description":"Contactez Stylword pour obtenir un devis gratuit et sans engagement. R\u00e9ponse rapide et personnalis\u00e9e.","breadcrumb":{"@id":"https:\/\/stylword.com\/index.php\/fr\/contact\/#breadcrumb"},"inLanguage":"fr-FR","potentialAction":[{"@type":"ReadAction","target":["https:\/\/stylword.com\/index.php\/fr\/contact\/"]}]},{"@type":"BreadcrumbList","@id":"https:\/\/stylword.com\/index.php\/fr\/contact\/#breadcrumb","itemListElement":[{"@type":"ListItem","position":1,"name":"Accueil","item":"https:\/\/stylword.com\/index.php\/fr\/accueil\/"},{"@type":"ListItem","position":2,"name":"Stylword : Contact | Devis gratuit"}]},{"@type":"WebSite","@id":"https:\/\/stylword.com\/#website","url":"https:\/\/stylword.com\/","name":"Traduction professionnelle Anglais-Fran\u00e7ais","description":"Traduction","publisher":{"@id":"https:\/\/stylword.com\/#organization"},"potentialAction":[{"@type":"SearchAction","target":{"@type":"EntryPoint","urlTemplate":"https:\/\/stylword.com\/?s={search_term_string}"},"query-input":"required name=search_term_string"}],"inLanguage":"fr-FR"},{"@type":"Organization","@id":"https:\/\/stylword.com\/#organization","name":"StylWord","url":"https:\/\/stylword.com\/","logo":{"@type":"ImageObject","inLanguage":"fr-FR","@id":"https:\/\/stylword.com\/#\/schema\/logo\/image\/","url":"https:\/\/stylword.com\/wp-content\/uploads\/2023\/08\/logo3.png","contentUrl":"https:\/\/stylword.com\/wp-content\/uploads\/2023\/08\/logo3.png","width":332,"height":127,"caption":"StylWord"},"image":{"@id":"https:\/\/stylword.com\/#\/schema\/logo\/image\/"}}]}},"_links":{"self":[{"href":"https:\/\/stylword.com\/index.php\/wp-json\/wp\/v2\/pages\/47","targetHints":{"allow":["GET"]}}],"collection":[{"href":"https:\/\/stylword.com\/index.php\/wp-json\/wp\/v2\/pages"}],"about":[{"href":"https:\/\/stylword.com\/index.php\/wp-json\/wp\/v2\/types\/page"}],"author":[{"embeddable":true,"href":"https:\/\/stylword.com\/index.php\/wp-json\/wp\/v2\/users\/1"}],"replies":[{"embeddable":true,"href":"https:\/\/stylword.com\/index.php\/wp-json\/wp\/v2\/comments?post=47"}],"version-history":[{"count":9,"href":"https:\/\/stylword.com\/index.php\/wp-json\/wp\/v2\/pages\/47\/revisions"}],"predecessor-version":[{"id":326,"href":"https:\/\/stylword.com\/index.php\/wp-json\/wp\/v2\/pages\/47\/revisions\/326"}],"wp:attachment":[{"href":"https:\/\/stylword.com\/index.php\/wp-json\/wp\/v2\/media?parent=47"}],"curies":[{"name":"wp","href":"https:\/\/api.w.org\/{rel}","templated":true}]}}