{"id":21,"date":"2023-08-26T11:46:14","date_gmt":"2023-08-26T09:46:14","guid":{"rendered":"http:\/\/ugltgaz.cluster021.hosting.ovh.net\/?page_id=21"},"modified":"2024-02-04T18:21:59","modified_gmt":"2024-02-04T17:21:59","slug":"tarifs","status":"publish","type":"page","link":"https:\/\/stylword.com\/index.php\/fr\/tarifs\/","title":{"rendered":"Stylword : Traduction | Tarifs comp\u00e9titifs"},"content":{"rendered":"\n<div class=\"wp-block-cover alignfull wp-duotone-duotone-4\" style=\"margin-top:0;padding-top:48px;padding-right:16px;padding-bottom:48px;padding-left:16px;min-height:40vh;aspect-ratio:unset;\"><span aria-hidden=\"true\" class=\"wp-block-cover__background has-background-dim-30 has-background-dim\"><\/span><img loading=\"lazy\" decoding=\"async\" width=\"2560\" height=\"1707\" class=\"wp-block-cover__image-background wp-image-130\" alt=\"\" src=\"https:\/\/stylword.com\/wp-content\/uploads\/2024\/01\/rodion-kutsaiev-0VGG7cqTwCo-unsplash-scaled.jpg\" data-object-fit=\"cover\" srcset=\"https:\/\/stylword.com\/wp-content\/uploads\/2024\/01\/rodion-kutsaiev-0VGG7cqTwCo-unsplash-scaled.jpg 2560w, https:\/\/stylword.com\/wp-content\/uploads\/2024\/01\/rodion-kutsaiev-0VGG7cqTwCo-unsplash-300x200.jpg 300w, https:\/\/stylword.com\/wp-content\/uploads\/2024\/01\/rodion-kutsaiev-0VGG7cqTwCo-unsplash-1024x683.jpg 1024w, https:\/\/stylword.com\/wp-content\/uploads\/2024\/01\/rodion-kutsaiev-0VGG7cqTwCo-unsplash-768x512.jpg 768w, https:\/\/stylword.com\/wp-content\/uploads\/2024\/01\/rodion-kutsaiev-0VGG7cqTwCo-unsplash-1536x1024.jpg 1536w, https:\/\/stylword.com\/wp-content\/uploads\/2024\/01\/rodion-kutsaiev-0VGG7cqTwCo-unsplash-2048x1365.jpg 2048w\" sizes=\"auto, (max-width: 2560px) 100vw, 2560px\" \/><div class=\"wp-block-cover__inner-container is-layout-flow wp-block-cover-is-layout-flow\">\n<div class=\"wp-block-group has-global-padding is-content-justification-center is-layout-constrained wp-container-core-group-is-layout-b3bc50f0 wp-block-group-is-layout-constrained\">\n<h1 class=\"wp-block-heading has-text-align-center has-white-color has-text-color\" style=\"font-size:clamp(32.064px, 2.004rem + ((1vw - 3.2px) * 2.598), 57px);font-style:normal;font-weight:700;letter-spacing:0px;line-height:1;text-transform:uppercase\"><strong>Des tarifs d\u00e9gressifs et une m\u00e9moire de traduction<\/strong><\/h1>\n<\/div>\n<\/div><\/div>\n\n\n\n<div style=\"height:48px\" aria-hidden=\"true\" class=\"wp-block-spacer\"><\/div>\n\n\n\n<p><strong>Les tarifs de StylWord sont bas\u00e9s sur le volume et la complexit\u00e9 du texte \u00e0 traduire.<\/strong><\/p>\n\n\n\n<p><strong>Plus le volume de mots est important, plus le tarif est d\u00e9gressif.<\/strong> Une remise est accord\u00e9e pour les projets de plus de 10 000 mots.<\/p>\n\n\n\n<p><strong>Le co\u00fbt des traductions diminue \u00e9galement au fil du temps.<\/strong> En effet, gr\u00e2ce \u00e0 la <a href=\"https:\/\/stylword.com\/index.php\/fr\/services\/\" data-type=\"page\" data-id=\"14\">m\u00e9moire de traduction<\/a>, les phrases et expressions d\u00e9j\u00e0 traduites peuvent \u00eatre r\u00e9utilis\u00e9es, ce qui permet d&rsquo;optimiser le temps de travail et de proposer des tarifs plus avantageux.<\/p>\n\n\n\n<div class=\"wp-block-buttons is-content-justification-center is-layout-flex wp-container-core-buttons-is-layout-a89b3969 wp-block-buttons-is-layout-flex\">\n<div class=\"wp-block-button has-custom-font-size has-medium-font-size\"><a class=\"wp-block-button__link has-white-color has-vivid-cyan-blue-background-color has-text-color has-background has-link-color wp-element-button\" href=\"https:\/\/stylword.com\/index.php\/fr\/contact\/\">Nous contacter<\/a><\/div>\n<\/div>\n\n\n\n<div style=\"height:48px\" aria-hidden=\"true\" class=\"wp-block-spacer\"><\/div>\n","protected":false},"excerpt":{"rendered":"<p>Les tarifs de StylWord sont bas\u00e9s sur le volume et la complexit\u00e9 du texte \u00e0 traduire. Plus le volume de mots est important, plus le tarif est d\u00e9gressif. Une remise est accord\u00e9e pour les projets de plus de 10 000 mots. Le co\u00fbt des traductions diminue \u00e9galement au fil du temps. En effet, gr\u00e2ce \u00e0 [&hellip;]<\/p>\n","protected":false},"author":1,"featured_media":0,"parent":0,"menu_order":0,"comment_status":"closed","ping_status":"closed","template":"","meta":{"footnotes":""},"class_list":["post-21","page","type-page","status-publish","hentry"],"yoast_head":"<!-- This site is optimized with the Yoast SEO plugin v21.9.1 - https:\/\/yoast.com\/wordpress\/plugins\/seo\/ -->\n<title>Stylword : Traduction | Tarifs comp\u00e9titifs -<\/title>\n<meta name=\"description\" content=\"Stylword est votre partenaire de confiance pour des traductions de qualit\u00e9 \u00e0 des prix abordables.Nos tarifs sont d\u00e9gressifs et nous proposons des remises pour les projets de grande envergure.\" \/>\n<meta name=\"robots\" content=\"index, follow, max-snippet:-1, max-image-preview:large, max-video-preview:-1\" \/>\n<link rel=\"canonical\" href=\"https:\/\/stylword.com\/index.php\/fr\/tarifs\/\" \/>\n<meta property=\"og:locale\" content=\"fr_FR\" \/>\n<meta property=\"og:type\" content=\"article\" \/>\n<meta property=\"og:title\" content=\"Stylword : Traduction | Tarifs comp\u00e9titifs -\" \/>\n<meta property=\"og:description\" content=\"Stylword est votre partenaire de confiance pour des traductions de qualit\u00e9 \u00e0 des prix abordables.Nos tarifs sont d\u00e9gressifs et nous proposons des remises pour les projets de grande envergure.\" \/>\n<meta property=\"og:url\" content=\"https:\/\/stylword.com\/index.php\/fr\/tarifs\/\" \/>\n<meta property=\"article:modified_time\" content=\"2024-02-04T17:21:59+00:00\" \/>\n<meta property=\"og:image\" content=\"https:\/\/stylword.com\/wp-content\/uploads\/2024\/01\/rodion-kutsaiev-0VGG7cqTwCo-unsplash-scaled.jpg\" \/>\n<meta name=\"twitter:card\" content=\"summary_large_image\" \/>\n<meta name=\"twitter:label1\" content=\"Dur\u00e9e de lecture estim\u00e9e\" \/>\n\t<meta name=\"twitter:data1\" content=\"1 minute\" \/>\n<script type=\"application\/ld+json\" class=\"yoast-schema-graph\">{\"@context\":\"https:\/\/schema.org\",\"@graph\":[{\"@type\":\"WebPage\",\"@id\":\"https:\/\/stylword.com\/index.php\/fr\/tarifs\/\",\"url\":\"https:\/\/stylword.com\/index.php\/fr\/tarifs\/\",\"name\":\"Stylword : Traduction | Tarifs comp\u00e9titifs -\",\"isPartOf\":{\"@id\":\"https:\/\/stylword.com\/#website\"},\"datePublished\":\"2023-08-26T09:46:14+00:00\",\"dateModified\":\"2024-02-04T17:21:59+00:00\",\"description\":\"Stylword est votre partenaire de confiance pour des traductions de qualit\u00e9 \u00e0 des prix abordables.Nos tarifs sont d\u00e9gressifs et nous proposons des remises pour les projets de grande envergure.\",\"breadcrumb\":{\"@id\":\"https:\/\/stylword.com\/index.php\/fr\/tarifs\/#breadcrumb\"},\"inLanguage\":\"fr-FR\",\"potentialAction\":[{\"@type\":\"ReadAction\",\"target\":[\"https:\/\/stylword.com\/index.php\/fr\/tarifs\/\"]}]},{\"@type\":\"BreadcrumbList\",\"@id\":\"https:\/\/stylword.com\/index.php\/fr\/tarifs\/#breadcrumb\",\"itemListElement\":[{\"@type\":\"ListItem\",\"position\":1,\"name\":\"Accueil\",\"item\":\"https:\/\/stylword.com\/index.php\/fr\/accueil\/\"},{\"@type\":\"ListItem\",\"position\":2,\"name\":\"Stylword : Traduction | Tarifs comp\u00e9titifs\"}]},{\"@type\":\"WebSite\",\"@id\":\"https:\/\/stylword.com\/#website\",\"url\":\"https:\/\/stylword.com\/\",\"name\":\"Traduction professionnelle Anglais-Fran\u00e7ais\",\"description\":\"Traduction\",\"publisher\":{\"@id\":\"https:\/\/stylword.com\/#organization\"},\"potentialAction\":[{\"@type\":\"SearchAction\",\"target\":{\"@type\":\"EntryPoint\",\"urlTemplate\":\"https:\/\/stylword.com\/?s={search_term_string}\"},\"query-input\":\"required name=search_term_string\"}],\"inLanguage\":\"fr-FR\"},{\"@type\":\"Organization\",\"@id\":\"https:\/\/stylword.com\/#organization\",\"name\":\"StylWord\",\"url\":\"https:\/\/stylword.com\/\",\"logo\":{\"@type\":\"ImageObject\",\"inLanguage\":\"fr-FR\",\"@id\":\"https:\/\/stylword.com\/#\/schema\/logo\/image\/\",\"url\":\"https:\/\/stylword.com\/wp-content\/uploads\/2023\/08\/logo3.png\",\"contentUrl\":\"https:\/\/stylword.com\/wp-content\/uploads\/2023\/08\/logo3.png\",\"width\":332,\"height\":127,\"caption\":\"StylWord\"},\"image\":{\"@id\":\"https:\/\/stylword.com\/#\/schema\/logo\/image\/\"}}]}<\/script>\n<!-- \/ Yoast SEO plugin. -->","yoast_head_json":{"title":"Stylword : Traduction | Tarifs comp\u00e9titifs -","description":"Stylword est votre partenaire de confiance pour des traductions de qualit\u00e9 \u00e0 des prix abordables.Nos tarifs sont d\u00e9gressifs et nous proposons des remises pour les projets de grande envergure.","robots":{"index":"index","follow":"follow","max-snippet":"max-snippet:-1","max-image-preview":"max-image-preview:large","max-video-preview":"max-video-preview:-1"},"canonical":"https:\/\/stylword.com\/index.php\/fr\/tarifs\/","og_locale":"fr_FR","og_type":"article","og_title":"Stylword : Traduction | Tarifs comp\u00e9titifs -","og_description":"Stylword est votre partenaire de confiance pour des traductions de qualit\u00e9 \u00e0 des prix abordables.Nos tarifs sont d\u00e9gressifs et nous proposons des remises pour les projets de grande envergure.","og_url":"https:\/\/stylword.com\/index.php\/fr\/tarifs\/","article_modified_time":"2024-02-04T17:21:59+00:00","og_image":[{"url":"https:\/\/stylword.com\/wp-content\/uploads\/2024\/01\/rodion-kutsaiev-0VGG7cqTwCo-unsplash-scaled.jpg"}],"twitter_card":"summary_large_image","twitter_misc":{"Dur\u00e9e de lecture estim\u00e9e":"1 minute"},"schema":{"@context":"https:\/\/schema.org","@graph":[{"@type":"WebPage","@id":"https:\/\/stylword.com\/index.php\/fr\/tarifs\/","url":"https:\/\/stylword.com\/index.php\/fr\/tarifs\/","name":"Stylword : Traduction | Tarifs comp\u00e9titifs -","isPartOf":{"@id":"https:\/\/stylword.com\/#website"},"datePublished":"2023-08-26T09:46:14+00:00","dateModified":"2024-02-04T17:21:59+00:00","description":"Stylword est votre partenaire de confiance pour des traductions de qualit\u00e9 \u00e0 des prix abordables.Nos tarifs sont d\u00e9gressifs et nous proposons des remises pour les projets de grande envergure.","breadcrumb":{"@id":"https:\/\/stylword.com\/index.php\/fr\/tarifs\/#breadcrumb"},"inLanguage":"fr-FR","potentialAction":[{"@type":"ReadAction","target":["https:\/\/stylword.com\/index.php\/fr\/tarifs\/"]}]},{"@type":"BreadcrumbList","@id":"https:\/\/stylword.com\/index.php\/fr\/tarifs\/#breadcrumb","itemListElement":[{"@type":"ListItem","position":1,"name":"Accueil","item":"https:\/\/stylword.com\/index.php\/fr\/accueil\/"},{"@type":"ListItem","position":2,"name":"Stylword : Traduction | Tarifs comp\u00e9titifs"}]},{"@type":"WebSite","@id":"https:\/\/stylword.com\/#website","url":"https:\/\/stylword.com\/","name":"Traduction professionnelle Anglais-Fran\u00e7ais","description":"Traduction","publisher":{"@id":"https:\/\/stylword.com\/#organization"},"potentialAction":[{"@type":"SearchAction","target":{"@type":"EntryPoint","urlTemplate":"https:\/\/stylword.com\/?s={search_term_string}"},"query-input":"required name=search_term_string"}],"inLanguage":"fr-FR"},{"@type":"Organization","@id":"https:\/\/stylword.com\/#organization","name":"StylWord","url":"https:\/\/stylword.com\/","logo":{"@type":"ImageObject","inLanguage":"fr-FR","@id":"https:\/\/stylword.com\/#\/schema\/logo\/image\/","url":"https:\/\/stylword.com\/wp-content\/uploads\/2023\/08\/logo3.png","contentUrl":"https:\/\/stylword.com\/wp-content\/uploads\/2023\/08\/logo3.png","width":332,"height":127,"caption":"StylWord"},"image":{"@id":"https:\/\/stylword.com\/#\/schema\/logo\/image\/"}}]}},"_links":{"self":[{"href":"https:\/\/stylword.com\/index.php\/wp-json\/wp\/v2\/pages\/21","targetHints":{"allow":["GET"]}}],"collection":[{"href":"https:\/\/stylword.com\/index.php\/wp-json\/wp\/v2\/pages"}],"about":[{"href":"https:\/\/stylword.com\/index.php\/wp-json\/wp\/v2\/types\/page"}],"author":[{"embeddable":true,"href":"https:\/\/stylword.com\/index.php\/wp-json\/wp\/v2\/users\/1"}],"replies":[{"embeddable":true,"href":"https:\/\/stylword.com\/index.php\/wp-json\/wp\/v2\/comments?post=21"}],"version-history":[{"count":13,"href":"https:\/\/stylword.com\/index.php\/wp-json\/wp\/v2\/pages\/21\/revisions"}],"predecessor-version":[{"id":328,"href":"https:\/\/stylword.com\/index.php\/wp-json\/wp\/v2\/pages\/21\/revisions\/328"}],"wp:attachment":[{"href":"https:\/\/stylword.com\/index.php\/wp-json\/wp\/v2\/media?parent=21"}],"curies":[{"name":"wp","href":"https:\/\/api.w.org\/{rel}","templated":true}]}}