{"id":19,"date":"2023-08-26T11:45:29","date_gmt":"2023-08-26T09:45:29","guid":{"rendered":"http:\/\/ugltgaz.cluster021.hosting.ovh.net\/?page_id=19"},"modified":"2024-02-04T18:16:12","modified_gmt":"2024-02-04T17:16:12","slug":"nos-clients","status":"publish","type":"page","link":"https:\/\/stylword.com\/index.php\/fr\/nos-clients\/","title":{"rendered":"Stylword : Des traductions qui font la diff\u00e9rence pour nos clients"},"content":{"rendered":"\n<div class=\"wp-block-cover alignfull wp-duotone-duotone-4\" style=\"margin-top:0;padding-top:48px;padding-right:16px;padding-bottom:48px;padding-left:16px;min-height:40vh;aspect-ratio:unset;\"><span aria-hidden=\"true\" class=\"wp-block-cover__background has-background-dim-30 has-background-dim\"><\/span><img loading=\"lazy\" decoding=\"async\" width=\"2560\" height=\"2560\" class=\"wp-block-cover__image-background wp-image-123\" alt=\"\" src=\"https:\/\/stylword.com\/wp-content\/uploads\/2024\/01\/sayan-majhi-bYVSN_XVoA0-unsplash-scaled.jpg\" data-object-fit=\"cover\" srcset=\"https:\/\/stylword.com\/wp-content\/uploads\/2024\/01\/sayan-majhi-bYVSN_XVoA0-unsplash-scaled.jpg 2560w, https:\/\/stylword.com\/wp-content\/uploads\/2024\/01\/sayan-majhi-bYVSN_XVoA0-unsplash-300x300.jpg 300w, https:\/\/stylword.com\/wp-content\/uploads\/2024\/01\/sayan-majhi-bYVSN_XVoA0-unsplash-1024x1024.jpg 1024w, https:\/\/stylword.com\/wp-content\/uploads\/2024\/01\/sayan-majhi-bYVSN_XVoA0-unsplash-150x150.jpg 150w, https:\/\/stylword.com\/wp-content\/uploads\/2024\/01\/sayan-majhi-bYVSN_XVoA0-unsplash-768x768.jpg 768w, https:\/\/stylword.com\/wp-content\/uploads\/2024\/01\/sayan-majhi-bYVSN_XVoA0-unsplash-1536x1536.jpg 1536w, https:\/\/stylword.com\/wp-content\/uploads\/2024\/01\/sayan-majhi-bYVSN_XVoA0-unsplash-2048x2048.jpg 2048w\" sizes=\"auto, (max-width: 2560px) 100vw, 2560px\" \/><div class=\"wp-block-cover__inner-container is-layout-flow wp-block-cover-is-layout-flow\">\n<div class=\"wp-block-group has-global-padding is-content-justification-center is-layout-constrained wp-container-core-group-is-layout-b585d1c6 wp-block-group-is-layout-constrained\">\n<h2 class=\"wp-block-heading has-text-align-center has-white-color has-text-color\" style=\"font-size:clamp(32.969px, 2.061rem + ((1vw - 3.2px) * 2.712), 59px);font-style:normal;font-weight:700;letter-spacing:0px;line-height:1;text-transform:uppercase\"><strong>Traduction sur mesure pour tous vos besoins<\/strong><\/h2>\n<\/div>\n<\/div><\/div>\n\n\n\n<div style=\"height:48px\" aria-hidden=\"true\" class=\"wp-block-spacer\"><\/div>\n\n\n\n<h3 class=\"wp-block-heading\">Forte d&rsquo;une exp\u00e9rience riche et vari\u00e9e, Stylword accompagne des clients renomm\u00e9s dans divers secteurs d&rsquo;activit\u00e9.<\/h3>\n\n\n\n<p>Parmi ses r\u00e9f\u00e9rences prestigieuses, on peut citer :<\/p>\n\n\n\n<p>Ascential, Avocent, Canon, EMC, Exabyte, Fatwire, France Telecom, Juniper Networks, Konica Minolta, Kontron, Lucent, Maxtor, Oracle, Progress Software, QLogic, Siebel, Softswitch, SPSS, Sun Microsystems, Tibco, Unica, Unisys, Xenos, etc.<\/p>\n\n\n\n<p><\/p>\n\n\n\n<h4 class=\"wp-block-heading\">Stylword met son expertise \u00e0 votre service pour traduire vos contenus dans tous les domaines, y compris :<\/h4>\n\n\n\n<ul class=\"wp-block-list\">\n<li>Analyse web<\/li>\n\n\n\n<li>Marketing interactif<\/li>\n\n\n\n<li>Gestion de leads<\/li>\n\n\n\n<li>Data Mining<\/li>\n\n\n\n<li>Analyse pr\u00e9dictive, mod\u00e9lisation, statistiques<\/li>\n\n\n\n<li>Gestion de contenu (Content Management)<\/li>\n\n\n\n<li>S\u00e9curit\u00e9 informatique<\/li>\n\n\n\n<li>Business Intelligence<\/li>\n\n\n\n<li>Outils ETL (Extraction, Transformation, Loading)<\/li>\n\n\n\n<li>Outils de gestion de la relation client (CRM)<\/li>\n\n\n\n<li>Data Warehouses<\/li>\n\n\n\n<li>SGBD<\/li>\n\n\n\n<li>Gestion de r\u00e9seau<\/li>\n\n\n\n<li>Syst\u00e8mes d&rsquo;exploitation<\/li>\n\n\n\n<li>Equipements r\u00e9seau (commutateurs, concentrateurs, routeurs)<\/li>\n\n\n\n<li>Imprimantes \/ Copieurs \/ Scanners (Manuels de maintenance et d&rsquo;utilisation)<\/li>\n\n\n\n<li>Impression num\u00e9rique<\/li>\n<\/ul>\n\n\n\n<div class=\"wp-block-buttons has-custom-font-size has-medium-font-size is-content-justification-center is-layout-flex wp-container-core-buttons-is-layout-a89b3969 wp-block-buttons-is-layout-flex\">\n<div class=\"wp-block-button\"><a class=\"wp-block-button__link has-white-color has-vivid-cyan-blue-background-color has-text-color has-background has-link-color has-text-align-center wp-element-button\" href=\"https:\/\/stylword.com\/index.php\/fr\/contact\/\">Nous contacter<\/a><\/div>\n<\/div>\n\n\n\n<div style=\"height:48px\" aria-hidden=\"true\" class=\"wp-block-spacer\"><\/div>\n","protected":false},"excerpt":{"rendered":"<p>Forte d&rsquo;une exp\u00e9rience riche et vari\u00e9e, Stylword accompagne des clients renomm\u00e9s dans divers secteurs d&rsquo;activit\u00e9. Parmi ses r\u00e9f\u00e9rences prestigieuses, on peut citer : Ascential, Avocent, Canon, EMC, Exabyte, Fatwire, France Telecom, Juniper Networks, Konica Minolta, Kontron, Lucent, Maxtor, Oracle, Progress Software, QLogic, Siebel, Softswitch, SPSS, Sun Microsystems, Tibco, Unica, Unisys, Xenos, etc. Stylword met son [&hellip;]<\/p>\n","protected":false},"author":1,"featured_media":0,"parent":0,"menu_order":0,"comment_status":"closed","ping_status":"closed","template":"","meta":{"footnotes":""},"class_list":["post-19","page","type-page","status-publish","hentry"],"yoast_head":"<!-- This site is optimized with the Yoast SEO plugin v21.9.1 - https:\/\/yoast.com\/wordpress\/plugins\/seo\/ -->\n<title>Stylword : Des traductions qui font la diff\u00e9rence pour nos clients -<\/title>\n<meta name=\"description\" content=\"Chez Stylword, nous comprenons que chaque client est unique et a des besoins sp\u00e9cifiques. C&#039;est pourquoi nous nous engageons \u00e0 fournir des traductions de qualit\u00e9 qui font la diff\u00e9rence pour nos clients.\" \/>\n<meta name=\"robots\" content=\"index, follow, max-snippet:-1, max-image-preview:large, max-video-preview:-1\" \/>\n<link rel=\"canonical\" href=\"https:\/\/stylword.com\/index.php\/fr\/nos-clients\/\" \/>\n<meta property=\"og:locale\" content=\"fr_FR\" \/>\n<meta property=\"og:type\" content=\"article\" \/>\n<meta property=\"og:title\" content=\"Stylword : Des traductions qui font la diff\u00e9rence pour nos clients -\" \/>\n<meta property=\"og:description\" content=\"Chez Stylword, nous comprenons que chaque client est unique et a des besoins sp\u00e9cifiques. C&#039;est pourquoi nous nous engageons \u00e0 fournir des traductions de qualit\u00e9 qui font la diff\u00e9rence pour nos clients.\" \/>\n<meta property=\"og:url\" content=\"https:\/\/stylword.com\/index.php\/fr\/nos-clients\/\" \/>\n<meta property=\"article:modified_time\" content=\"2024-02-04T17:16:12+00:00\" \/>\n<meta property=\"og:image\" content=\"https:\/\/stylword.com\/wp-content\/uploads\/2024\/01\/sayan-majhi-bYVSN_XVoA0-unsplash-scaled.jpg\" \/>\n<meta name=\"twitter:card\" content=\"summary_large_image\" \/>\n<meta name=\"twitter:label1\" content=\"Dur\u00e9e de lecture estim\u00e9e\" \/>\n\t<meta name=\"twitter:data1\" content=\"1 minute\" \/>\n<script type=\"application\/ld+json\" class=\"yoast-schema-graph\">{\"@context\":\"https:\/\/schema.org\",\"@graph\":[{\"@type\":\"WebPage\",\"@id\":\"https:\/\/stylword.com\/index.php\/fr\/nos-clients\/\",\"url\":\"https:\/\/stylword.com\/index.php\/fr\/nos-clients\/\",\"name\":\"Stylword : Des traductions qui font la diff\u00e9rence pour nos clients -\",\"isPartOf\":{\"@id\":\"https:\/\/stylword.com\/#website\"},\"datePublished\":\"2023-08-26T09:45:29+00:00\",\"dateModified\":\"2024-02-04T17:16:12+00:00\",\"description\":\"Chez Stylword, nous comprenons que chaque client est unique et a des besoins sp\u00e9cifiques. C'est pourquoi nous nous engageons \u00e0 fournir des traductions de qualit\u00e9 qui font la diff\u00e9rence pour nos clients.\",\"breadcrumb\":{\"@id\":\"https:\/\/stylword.com\/index.php\/fr\/nos-clients\/#breadcrumb\"},\"inLanguage\":\"fr-FR\",\"potentialAction\":[{\"@type\":\"ReadAction\",\"target\":[\"https:\/\/stylword.com\/index.php\/fr\/nos-clients\/\"]}]},{\"@type\":\"BreadcrumbList\",\"@id\":\"https:\/\/stylword.com\/index.php\/fr\/nos-clients\/#breadcrumb\",\"itemListElement\":[{\"@type\":\"ListItem\",\"position\":1,\"name\":\"Accueil\",\"item\":\"https:\/\/stylword.com\/index.php\/fr\/accueil\/\"},{\"@type\":\"ListItem\",\"position\":2,\"name\":\"Stylword : Des traductions qui font la diff\u00e9rence pour nos clients\"}]},{\"@type\":\"WebSite\",\"@id\":\"https:\/\/stylword.com\/#website\",\"url\":\"https:\/\/stylword.com\/\",\"name\":\"Traduction professionnelle Anglais-Fran\u00e7ais\",\"description\":\"Traduction\",\"publisher\":{\"@id\":\"https:\/\/stylword.com\/#organization\"},\"potentialAction\":[{\"@type\":\"SearchAction\",\"target\":{\"@type\":\"EntryPoint\",\"urlTemplate\":\"https:\/\/stylword.com\/?s={search_term_string}\"},\"query-input\":\"required name=search_term_string\"}],\"inLanguage\":\"fr-FR\"},{\"@type\":\"Organization\",\"@id\":\"https:\/\/stylword.com\/#organization\",\"name\":\"StylWord\",\"url\":\"https:\/\/stylword.com\/\",\"logo\":{\"@type\":\"ImageObject\",\"inLanguage\":\"fr-FR\",\"@id\":\"https:\/\/stylword.com\/#\/schema\/logo\/image\/\",\"url\":\"https:\/\/stylword.com\/wp-content\/uploads\/2023\/08\/logo3.png\",\"contentUrl\":\"https:\/\/stylword.com\/wp-content\/uploads\/2023\/08\/logo3.png\",\"width\":332,\"height\":127,\"caption\":\"StylWord\"},\"image\":{\"@id\":\"https:\/\/stylword.com\/#\/schema\/logo\/image\/\"}}]}<\/script>\n<!-- \/ Yoast SEO plugin. -->","yoast_head_json":{"title":"Stylword : Des traductions qui font la diff\u00e9rence pour nos clients -","description":"Chez Stylword, nous comprenons que chaque client est unique et a des besoins sp\u00e9cifiques. C'est pourquoi nous nous engageons \u00e0 fournir des traductions de qualit\u00e9 qui font la diff\u00e9rence pour nos clients.","robots":{"index":"index","follow":"follow","max-snippet":"max-snippet:-1","max-image-preview":"max-image-preview:large","max-video-preview":"max-video-preview:-1"},"canonical":"https:\/\/stylword.com\/index.php\/fr\/nos-clients\/","og_locale":"fr_FR","og_type":"article","og_title":"Stylword : Des traductions qui font la diff\u00e9rence pour nos clients -","og_description":"Chez Stylword, nous comprenons que chaque client est unique et a des besoins sp\u00e9cifiques. C'est pourquoi nous nous engageons \u00e0 fournir des traductions de qualit\u00e9 qui font la diff\u00e9rence pour nos clients.","og_url":"https:\/\/stylword.com\/index.php\/fr\/nos-clients\/","article_modified_time":"2024-02-04T17:16:12+00:00","og_image":[{"url":"https:\/\/stylword.com\/wp-content\/uploads\/2024\/01\/sayan-majhi-bYVSN_XVoA0-unsplash-scaled.jpg"}],"twitter_card":"summary_large_image","twitter_misc":{"Dur\u00e9e de lecture estim\u00e9e":"1 minute"},"schema":{"@context":"https:\/\/schema.org","@graph":[{"@type":"WebPage","@id":"https:\/\/stylword.com\/index.php\/fr\/nos-clients\/","url":"https:\/\/stylword.com\/index.php\/fr\/nos-clients\/","name":"Stylword : Des traductions qui font la diff\u00e9rence pour nos clients -","isPartOf":{"@id":"https:\/\/stylword.com\/#website"},"datePublished":"2023-08-26T09:45:29+00:00","dateModified":"2024-02-04T17:16:12+00:00","description":"Chez Stylword, nous comprenons que chaque client est unique et a des besoins sp\u00e9cifiques. C'est pourquoi nous nous engageons \u00e0 fournir des traductions de qualit\u00e9 qui font la diff\u00e9rence pour nos clients.","breadcrumb":{"@id":"https:\/\/stylword.com\/index.php\/fr\/nos-clients\/#breadcrumb"},"inLanguage":"fr-FR","potentialAction":[{"@type":"ReadAction","target":["https:\/\/stylword.com\/index.php\/fr\/nos-clients\/"]}]},{"@type":"BreadcrumbList","@id":"https:\/\/stylword.com\/index.php\/fr\/nos-clients\/#breadcrumb","itemListElement":[{"@type":"ListItem","position":1,"name":"Accueil","item":"https:\/\/stylword.com\/index.php\/fr\/accueil\/"},{"@type":"ListItem","position":2,"name":"Stylword : Des traductions qui font la diff\u00e9rence pour nos clients"}]},{"@type":"WebSite","@id":"https:\/\/stylword.com\/#website","url":"https:\/\/stylword.com\/","name":"Traduction professionnelle Anglais-Fran\u00e7ais","description":"Traduction","publisher":{"@id":"https:\/\/stylword.com\/#organization"},"potentialAction":[{"@type":"SearchAction","target":{"@type":"EntryPoint","urlTemplate":"https:\/\/stylword.com\/?s={search_term_string}"},"query-input":"required name=search_term_string"}],"inLanguage":"fr-FR"},{"@type":"Organization","@id":"https:\/\/stylword.com\/#organization","name":"StylWord","url":"https:\/\/stylword.com\/","logo":{"@type":"ImageObject","inLanguage":"fr-FR","@id":"https:\/\/stylword.com\/#\/schema\/logo\/image\/","url":"https:\/\/stylword.com\/wp-content\/uploads\/2023\/08\/logo3.png","contentUrl":"https:\/\/stylword.com\/wp-content\/uploads\/2023\/08\/logo3.png","width":332,"height":127,"caption":"StylWord"},"image":{"@id":"https:\/\/stylword.com\/#\/schema\/logo\/image\/"}}]}},"_links":{"self":[{"href":"https:\/\/stylword.com\/index.php\/wp-json\/wp\/v2\/pages\/19","targetHints":{"allow":["GET"]}}],"collection":[{"href":"https:\/\/stylword.com\/index.php\/wp-json\/wp\/v2\/pages"}],"about":[{"href":"https:\/\/stylword.com\/index.php\/wp-json\/wp\/v2\/types\/page"}],"author":[{"embeddable":true,"href":"https:\/\/stylword.com\/index.php\/wp-json\/wp\/v2\/users\/1"}],"replies":[{"embeddable":true,"href":"https:\/\/stylword.com\/index.php\/wp-json\/wp\/v2\/comments?post=19"}],"version-history":[{"count":12,"href":"https:\/\/stylword.com\/index.php\/wp-json\/wp\/v2\/pages\/19\/revisions"}],"predecessor-version":[{"id":325,"href":"https:\/\/stylword.com\/index.php\/wp-json\/wp\/v2\/pages\/19\/revisions\/325"}],"wp:attachment":[{"href":"https:\/\/stylword.com\/index.php\/wp-json\/wp\/v2\/media?parent=19"}],"curies":[{"name":"wp","href":"https:\/\/api.w.org\/{rel}","templated":true}]}}